{"id":8244,"date":"2024-09-16T21:06:57","date_gmt":"2024-09-16T19:06:57","guid":{"rendered":"https:\/\/www.slsb.fr\/college\/?page_id=8244"},"modified":"2024-09-16T21:31:07","modified_gmt":"2024-09-16T19:31:07","slug":"anciens-eleves","status":"publish","type":"page","link":"https:\/\/www.slsb.fr\/college\/anciens-eleves\/","title":{"rendered":"Anciens \u00e9l\u00e8ves"},"content":{"rendered":"\t\t<div data-elementor-type=\"wp-page\" data-elementor-id=\"8244\" class=\"elementor elementor-8244\" data-elementor-post-type=\"page\">\n\t\t\t\t<div class=\"elementor-element elementor-element-61e63f8 e-flex e-con-boxed e-con e-parent\" data-id=\"61e63f8\" data-element_type=\"container\" data-e-type=\"container\" data-settings=\"{&quot;background_background&quot;:&quot;classic&quot;}\">\n\t\t\t\t\t<div class=\"e-con-inner\">\n\t\t\t\t<div class=\"elementor-element elementor-element-1249172 elementor-widget elementor-widget-heading\" data-id=\"1249172\" data-element_type=\"widget\" data-e-type=\"widget\" data-widget_type=\"heading.default\">\n\t\t\t\t<div class=\"elementor-widget-container\">\n\t\t\t\t\t<h2 class=\"elementor-heading-title elementor-size-default\">Nos anciens \u00e9l\u00e8ves<\/h2>\t\t\t\t<\/div>\n\t\t\t\t<\/div>\n\t\t\t\t<div class=\"elementor-element elementor-element-980bd3d elementor-widget elementor-widget-heading\" data-id=\"980bd3d\" data-element_type=\"widget\" data-e-type=\"widget\" data-widget_type=\"heading.default\">\n\t\t\t\t<div class=\"elementor-widget-container\">\n\t\t\t\t\t<h2 class=\"elementor-heading-title elementor-size-default\">ont du talent<\/h2>\t\t\t\t<\/div>\n\t\t\t\t<\/div>\n\t\t\t\t\t<\/div>\n\t\t\t\t<\/div>\n\t\t<div class=\"elementor-element elementor-element-7208446 e-flex e-con-boxed e-con e-parent\" data-id=\"7208446\" data-element_type=\"container\" data-e-type=\"container\">\n\t\t\t\t\t<div class=\"e-con-inner\">\n\t\t<div class=\"elementor-element elementor-element-ff54fe1 e-con-full e-flex e-con e-child\" data-id=\"ff54fe1\" data-element_type=\"container\" data-e-type=\"container\" data-settings=\"{&quot;background_background&quot;:&quot;classic&quot;}\">\n\t\t\t\t<div class=\"elementor-element elementor-element-69dbf1c elementor-widget elementor-widget-testimonial\" data-id=\"69dbf1c\" data-element_type=\"widget\" data-e-type=\"widget\" data-widget_type=\"testimonial.default\">\n\t\t\t\t<div class=\"elementor-widget-container\">\n\t\t\t\t\t\t\t<div class=\"elementor-testimonial-wrapper\">\n\t\t\t\n\t\t\t\t\t\t<div class=\"elementor-testimonial-meta elementor-has-image elementor-testimonial-image-position-aside\">\n\t\t\t\t<div class=\"elementor-testimonial-meta-inner\">\n\t\t\t\t\t\t\t\t\t\t\t<div class=\"elementor-testimonial-image\">\n\t\t\t\t\t\t\t<img fetchpriority=\"high\" decoding=\"async\" width=\"1000\" height=\"1500\" src=\"https:\/\/www.slsb.fr\/college\/wp-content\/uploads\/sites\/3\/2024\/07\/studio-par-ici-photographie-1.webp\" class=\"attachment-full size-full wp-image-146\" alt=\"\" srcset=\"https:\/\/www.slsb.fr\/college\/wp-content\/uploads\/sites\/3\/2024\/07\/studio-par-ici-photographie-1.webp 1000w, https:\/\/www.slsb.fr\/college\/wp-content\/uploads\/sites\/3\/2024\/07\/studio-par-ici-photographie-1-200x300.webp 200w, https:\/\/www.slsb.fr\/college\/wp-content\/uploads\/sites\/3\/2024\/07\/studio-par-ici-photographie-1-683x1024.webp 683w, https:\/\/www.slsb.fr\/college\/wp-content\/uploads\/sites\/3\/2024\/07\/studio-par-ici-photographie-1-768x1152.webp 768w\" sizes=\"(max-width: 1000px) 100vw, 1000px\" \/>\t\t\t\t\t\t<\/div>\n\t\t\t\t\t\n\t\t\t\t\t\t\t\t\t\t<div class=\"elementor-testimonial-details\">\n\t\t\t\t\t\t\t\t\t\t\t\t\t\t<div class=\"elementor-testimonial-name\">Pr\u00e9nom - NOM<\/div>\n\t\t\t\t\t\t\t\t\t\t\t\t\t\t\t\t\t\t\t\t\t\t<div class=\"elementor-testimonial-job\">Poste<\/div>\n\t\t\t\t\t\t\t\t\t\t\t\t\t<\/div>\n\t\t\t\t\t\t\t\t\t<\/div>\n\t\t\t<\/div>\n\t\t\t\t\t<\/div>\n\t\t\t\t\t\t<\/div>\n\t\t\t\t<\/div>\n\t\t\t\t<\/div>\n\t\t<div class=\"elementor-element elementor-element-c813dab e-con-full e-flex e-con e-child\" data-id=\"c813dab\" data-element_type=\"container\" data-e-type=\"container\" data-settings=\"{&quot;background_background&quot;:&quot;classic&quot;}\">\n\t\t\t\t<div class=\"elementor-element elementor-element-164abb6 elementor-widget elementor-widget-testimonial\" data-id=\"164abb6\" data-element_type=\"widget\" data-e-type=\"widget\" data-widget_type=\"testimonial.default\">\n\t\t\t\t<div class=\"elementor-widget-container\">\n\t\t\t\t\t\t\t<div class=\"elementor-testimonial-wrapper\">\n\t\t\t\n\t\t\t\t\t\t<div class=\"elementor-testimonial-meta elementor-has-image elementor-testimonial-image-position-aside\">\n\t\t\t\t<div class=\"elementor-testimonial-meta-inner\">\n\t\t\t\t\t\t\t\t\t\t\t<div class=\"elementor-testimonial-image\">\n\t\t\t\t\t\t\t<img fetchpriority=\"high\" decoding=\"async\" width=\"1000\" height=\"1500\" src=\"https:\/\/www.slsb.fr\/college\/wp-content\/uploads\/sites\/3\/2024\/07\/studio-par-ici-photographie-1.webp\" class=\"attachment-full size-full wp-image-146\" alt=\"\" srcset=\"https:\/\/www.slsb.fr\/college\/wp-content\/uploads\/sites\/3\/2024\/07\/studio-par-ici-photographie-1.webp 1000w, https:\/\/www.slsb.fr\/college\/wp-content\/uploads\/sites\/3\/2024\/07\/studio-par-ici-photographie-1-200x300.webp 200w, https:\/\/www.slsb.fr\/college\/wp-content\/uploads\/sites\/3\/2024\/07\/studio-par-ici-photographie-1-683x1024.webp 683w, https:\/\/www.slsb.fr\/college\/wp-content\/uploads\/sites\/3\/2024\/07\/studio-par-ici-photographie-1-768x1152.webp 768w\" sizes=\"(max-width: 1000px) 100vw, 1000px\" \/>\t\t\t\t\t\t<\/div>\n\t\t\t\t\t\n\t\t\t\t\t\t\t\t\t\t<div class=\"elementor-testimonial-details\">\n\t\t\t\t\t\t\t\t\t\t\t\t\t\t<div class=\"elementor-testimonial-name\">Pr\u00e9nom - NOM<\/div>\n\t\t\t\t\t\t\t\t\t\t\t\t\t\t\t\t\t\t\t\t\t\t<div class=\"elementor-testimonial-job\">Poste<\/div>\n\t\t\t\t\t\t\t\t\t\t\t\t\t<\/div>\n\t\t\t\t\t\t\t\t\t<\/div>\n\t\t\t<\/div>\n\t\t\t\t\t<\/div>\n\t\t\t\t\t\t<\/div>\n\t\t\t\t<\/div>\n\t\t\t\t<\/div>\n\t\t<div class=\"elementor-element elementor-element-0e2239a e-con-full e-flex e-con e-child\" data-id=\"0e2239a\" data-element_type=\"container\" data-e-type=\"container\" data-settings=\"{&quot;background_background&quot;:&quot;classic&quot;}\">\n\t\t\t\t<div class=\"elementor-element elementor-element-3290005 elementor-widget elementor-widget-testimonial\" data-id=\"3290005\" data-element_type=\"widget\" data-e-type=\"widget\" data-widget_type=\"testimonial.default\">\n\t\t\t\t<div class=\"elementor-widget-container\">\n\t\t\t\t\t\t\t<div class=\"elementor-testimonial-wrapper\">\n\t\t\t\n\t\t\t\t\t\t<div class=\"elementor-testimonial-meta elementor-has-image elementor-testimonial-image-position-aside\">\n\t\t\t\t<div class=\"elementor-testimonial-meta-inner\">\n\t\t\t\t\t\t\t\t\t\t\t<div class=\"elementor-testimonial-image\">\n\t\t\t\t\t\t\t<img fetchpriority=\"high\" decoding=\"async\" width=\"1000\" height=\"1500\" src=\"https:\/\/www.slsb.fr\/college\/wp-content\/uploads\/sites\/3\/2024\/07\/studio-par-ici-photographie-1.webp\" class=\"attachment-full size-full wp-image-146\" alt=\"\" srcset=\"https:\/\/www.slsb.fr\/college\/wp-content\/uploads\/sites\/3\/2024\/07\/studio-par-ici-photographie-1.webp 1000w, https:\/\/www.slsb.fr\/college\/wp-content\/uploads\/sites\/3\/2024\/07\/studio-par-ici-photographie-1-200x300.webp 200w, https:\/\/www.slsb.fr\/college\/wp-content\/uploads\/sites\/3\/2024\/07\/studio-par-ici-photographie-1-683x1024.webp 683w, https:\/\/www.slsb.fr\/college\/wp-content\/uploads\/sites\/3\/2024\/07\/studio-par-ici-photographie-1-768x1152.webp 768w\" sizes=\"(max-width: 1000px) 100vw, 1000px\" \/>\t\t\t\t\t\t<\/div>\n\t\t\t\t\t\n\t\t\t\t\t\t\t\t\t\t<div class=\"elementor-testimonial-details\">\n\t\t\t\t\t\t\t\t\t\t\t\t\t\t<div class=\"elementor-testimonial-name\">Pr\u00e9nom - NOM<\/div>\n\t\t\t\t\t\t\t\t\t\t\t\t\t\t\t\t\t\t\t\t\t\t<div class=\"elementor-testimonial-job\">Poste<\/div>\n\t\t\t\t\t\t\t\t\t\t\t\t\t<\/div>\n\t\t\t\t\t\t\t\t\t<\/div>\n\t\t\t<\/div>\n\t\t\t\t\t<\/div>\n\t\t\t\t\t\t<\/div>\n\t\t\t\t<\/div>\n\t\t\t\t<\/div>\n\t\t\t\t\t<\/div>\n\t\t\t\t<\/div>\n\t\t<div class=\"elementor-element elementor-element-7f2cb05 e-flex e-con-boxed e-con e-parent\" data-id=\"7f2cb05\" data-element_type=\"container\" data-e-type=\"container\">\n\t\t\t\t\t<div class=\"e-con-inner\">\n\t\t<div class=\"elementor-element elementor-element-bd50e30 e-con-full e-flex e-con e-child\" data-id=\"bd50e30\" data-element_type=\"container\" data-e-type=\"container\" data-settings=\"{&quot;background_background&quot;:&quot;classic&quot;}\">\n\t\t\t\t<div class=\"elementor-element elementor-element-6b4e995 elementor-widget elementor-widget-testimonial\" data-id=\"6b4e995\" data-element_type=\"widget\" data-e-type=\"widget\" data-widget_type=\"testimonial.default\">\n\t\t\t\t<div class=\"elementor-widget-container\">\n\t\t\t\t\t\t\t<div class=\"elementor-testimonial-wrapper\">\n\t\t\t\n\t\t\t\t\t\t<div class=\"elementor-testimonial-meta elementor-has-image elementor-testimonial-image-position-aside\">\n\t\t\t\t<div class=\"elementor-testimonial-meta-inner\">\n\t\t\t\t\t\t\t\t\t\t\t<div class=\"elementor-testimonial-image\">\n\t\t\t\t\t\t\t<img fetchpriority=\"high\" decoding=\"async\" width=\"1000\" height=\"1500\" src=\"https:\/\/www.slsb.fr\/college\/wp-content\/uploads\/sites\/3\/2024\/07\/studio-par-ici-photographie-1.webp\" class=\"attachment-full size-full wp-image-146\" alt=\"\" srcset=\"https:\/\/www.slsb.fr\/college\/wp-content\/uploads\/sites\/3\/2024\/07\/studio-par-ici-photographie-1.webp 1000w, https:\/\/www.slsb.fr\/college\/wp-content\/uploads\/sites\/3\/2024\/07\/studio-par-ici-photographie-1-200x300.webp 200w, https:\/\/www.slsb.fr\/college\/wp-content\/uploads\/sites\/3\/2024\/07\/studio-par-ici-photographie-1-683x1024.webp 683w, https:\/\/www.slsb.fr\/college\/wp-content\/uploads\/sites\/3\/2024\/07\/studio-par-ici-photographie-1-768x1152.webp 768w\" sizes=\"(max-width: 1000px) 100vw, 1000px\" \/>\t\t\t\t\t\t<\/div>\n\t\t\t\t\t\n\t\t\t\t\t\t\t\t\t\t<div class=\"elementor-testimonial-details\">\n\t\t\t\t\t\t\t\t\t\t\t\t\t\t<div class=\"elementor-testimonial-name\">Pr\u00e9nom - NOM<\/div>\n\t\t\t\t\t\t\t\t\t\t\t\t\t\t\t\t\t\t\t\t\t\t<div class=\"elementor-testimonial-job\">Poste<\/div>\n\t\t\t\t\t\t\t\t\t\t\t\t\t<\/div>\n\t\t\t\t\t\t\t\t\t<\/div>\n\t\t\t<\/div>\n\t\t\t\t\t<\/div>\n\t\t\t\t\t\t<\/div>\n\t\t\t\t<\/div>\n\t\t\t\t<\/div>\n\t\t<div class=\"elementor-element elementor-element-b4c2a8c e-con-full e-flex e-con e-child\" data-id=\"b4c2a8c\" data-element_type=\"container\" data-e-type=\"container\" data-settings=\"{&quot;background_background&quot;:&quot;classic&quot;}\">\n\t\t\t\t<div class=\"elementor-element elementor-element-bd60c6c elementor-widget elementor-widget-testimonial\" data-id=\"bd60c6c\" data-element_type=\"widget\" data-e-type=\"widget\" data-widget_type=\"testimonial.default\">\n\t\t\t\t<div class=\"elementor-widget-container\">\n\t\t\t\t\t\t\t<div class=\"elementor-testimonial-wrapper\">\n\t\t\t\n\t\t\t\t\t\t<div class=\"elementor-testimonial-meta elementor-has-image elementor-testimonial-image-position-aside\">\n\t\t\t\t<div class=\"elementor-testimonial-meta-inner\">\n\t\t\t\t\t\t\t\t\t\t\t<div class=\"elementor-testimonial-image\">\n\t\t\t\t\t\t\t<img fetchpriority=\"high\" decoding=\"async\" width=\"1000\" height=\"1500\" src=\"https:\/\/www.slsb.fr\/college\/wp-content\/uploads\/sites\/3\/2024\/07\/studio-par-ici-photographie-1.webp\" class=\"attachment-full size-full wp-image-146\" alt=\"\" srcset=\"https:\/\/www.slsb.fr\/college\/wp-content\/uploads\/sites\/3\/2024\/07\/studio-par-ici-photographie-1.webp 1000w, https:\/\/www.slsb.fr\/college\/wp-content\/uploads\/sites\/3\/2024\/07\/studio-par-ici-photographie-1-200x300.webp 200w, https:\/\/www.slsb.fr\/college\/wp-content\/uploads\/sites\/3\/2024\/07\/studio-par-ici-photographie-1-683x1024.webp 683w, https:\/\/www.slsb.fr\/college\/wp-content\/uploads\/sites\/3\/2024\/07\/studio-par-ici-photographie-1-768x1152.webp 768w\" sizes=\"(max-width: 1000px) 100vw, 1000px\" \/>\t\t\t\t\t\t<\/div>\n\t\t\t\t\t\n\t\t\t\t\t\t\t\t\t\t<div class=\"elementor-testimonial-details\">\n\t\t\t\t\t\t\t\t\t\t\t\t\t\t<div class=\"elementor-testimonial-name\">Pr\u00e9nom - NOM<\/div>\n\t\t\t\t\t\t\t\t\t\t\t\t\t\t\t\t\t\t\t\t\t\t<div class=\"elementor-testimonial-job\">Poste<\/div>\n\t\t\t\t\t\t\t\t\t\t\t\t\t<\/div>\n\t\t\t\t\t\t\t\t\t<\/div>\n\t\t\t<\/div>\n\t\t\t\t\t<\/div>\n\t\t\t\t\t\t<\/div>\n\t\t\t\t<\/div>\n\t\t\t\t<\/div>\n\t\t<div class=\"elementor-element elementor-element-44d9ec9 e-con-full e-flex e-con e-child\" data-id=\"44d9ec9\" data-element_type=\"container\" data-e-type=\"container\" data-settings=\"{&quot;background_background&quot;:&quot;classic&quot;}\">\n\t\t\t\t<div class=\"elementor-element elementor-element-41de117 elementor-widget elementor-widget-testimonial\" data-id=\"41de117\" data-element_type=\"widget\" data-e-type=\"widget\" data-widget_type=\"testimonial.default\">\n\t\t\t\t<div class=\"elementor-widget-container\">\n\t\t\t\t\t\t\t<div class=\"elementor-testimonial-wrapper\">\n\t\t\t\n\t\t\t\t\t\t<div class=\"elementor-testimonial-meta elementor-has-image elementor-testimonial-image-position-aside\">\n\t\t\t\t<div class=\"elementor-testimonial-meta-inner\">\n\t\t\t\t\t\t\t\t\t\t\t<div class=\"elementor-testimonial-image\">\n\t\t\t\t\t\t\t<img fetchpriority=\"high\" decoding=\"async\" width=\"1000\" height=\"1500\" src=\"https:\/\/www.slsb.fr\/college\/wp-content\/uploads\/sites\/3\/2024\/07\/studio-par-ici-photographie-1.webp\" class=\"attachment-full size-full wp-image-146\" alt=\"\" srcset=\"https:\/\/www.slsb.fr\/college\/wp-content\/uploads\/sites\/3\/2024\/07\/studio-par-ici-photographie-1.webp 1000w, https:\/\/www.slsb.fr\/college\/wp-content\/uploads\/sites\/3\/2024\/07\/studio-par-ici-photographie-1-200x300.webp 200w, https:\/\/www.slsb.fr\/college\/wp-content\/uploads\/sites\/3\/2024\/07\/studio-par-ici-photographie-1-683x1024.webp 683w, https:\/\/www.slsb.fr\/college\/wp-content\/uploads\/sites\/3\/2024\/07\/studio-par-ici-photographie-1-768x1152.webp 768w\" sizes=\"(max-width: 1000px) 100vw, 1000px\" \/>\t\t\t\t\t\t<\/div>\n\t\t\t\t\t\n\t\t\t\t\t\t\t\t\t\t<div class=\"elementor-testimonial-details\">\n\t\t\t\t\t\t\t\t\t\t\t\t\t\t<div class=\"elementor-testimonial-name\">Pr\u00e9nom - NOM<\/div>\n\t\t\t\t\t\t\t\t\t\t\t\t\t\t\t\t\t\t\t\t\t\t<div class=\"elementor-testimonial-job\">Poste<\/div>\n\t\t\t\t\t\t\t\t\t\t\t\t\t<\/div>\n\t\t\t\t\t\t\t\t\t<\/div>\n\t\t\t<\/div>\n\t\t\t\t\t<\/div>\n\t\t\t\t\t\t<\/div>\n\t\t\t\t<\/div>\n\t\t\t\t<\/div>\n\t\t\t\t\t<\/div>\n\t\t\t\t<\/div>\n\t\t\t\t<\/div>\n\t\t","protected":false},"excerpt":{"rendered":"<p>Nos anciens \u00e9l\u00e8ves ont du talent Pr\u00e9nom &#8211; NOM Poste Pr\u00e9nom &#8211; NOM Poste Pr\u00e9nom &#8211; NOM Poste Pr\u00e9nom &#8211; NOM Poste Pr\u00e9nom &#8211; NOM Poste Pr\u00e9nom &#8211; NOM Poste<\/p>\n","protected":false},"author":2,"featured_media":0,"parent":0,"menu_order":0,"comment_status":"closed","ping_status":"closed","template":"","meta":{"footnotes":""},"class_list":["post-8244","page","type-page","status-publish","hentry"],"yoast_head":"<!-- This site is optimized with the Yoast SEO plugin v27.5 - https:\/\/yoast.com\/product\/yoast-seo-wordpress\/ -->\n<title>Anciens \u00e9l\u00e8ves - College<\/title>\n<meta name=\"robots\" content=\"index, follow, max-snippet:-1, max-image-preview:large, max-video-preview:-1\" \/>\n<link rel=\"canonical\" href=\"https:\/\/www.slsb.fr\/college\/anciens-eleves\/\" \/>\n<meta property=\"og:locale\" content=\"fr_FR\" \/>\n<meta property=\"og:type\" content=\"article\" \/>\n<meta property=\"og:title\" content=\"Anciens \u00e9l\u00e8ves - College\" \/>\n<meta property=\"og:description\" content=\"Nos anciens \u00e9l\u00e8ves ont du talent Pr\u00e9nom &#8211; NOM Poste Pr\u00e9nom &#8211; NOM Poste Pr\u00e9nom &#8211; NOM Poste Pr\u00e9nom &#8211; NOM Poste Pr\u00e9nom &#8211; NOM Poste Pr\u00e9nom &#8211; NOM Poste\" \/>\n<meta property=\"og:url\" content=\"https:\/\/www.slsb.fr\/college\/anciens-eleves\/\" \/>\n<meta property=\"og:site_name\" content=\"College\" \/>\n<meta property=\"article:modified_time\" content=\"2024-09-16T19:31:07+00:00\" \/>\n<meta property=\"og:image\" content=\"https:\/\/www.slsb.fr\/college\/wp-content\/uploads\/sites\/3\/2024\/07\/studio-par-ici-photographie-1.webp\" \/>\n<meta name=\"twitter:card\" content=\"summary_large_image\" \/>\n<meta name=\"twitter:label1\" content=\"Dur\u00e9e de lecture estim\u00e9e\" \/>\n\t<meta name=\"twitter:data1\" content=\"2 minutes\" \/>\n<script type=\"application\/ld+json\" class=\"yoast-schema-graph\">{\"@context\":\"https:\\\/\\\/schema.org\",\"@graph\":[{\"@type\":\"WebPage\",\"@id\":\"https:\\\/\\\/www.slsb.fr\\\/college\\\/anciens-eleves\\\/\",\"url\":\"https:\\\/\\\/www.slsb.fr\\\/college\\\/anciens-eleves\\\/\",\"name\":\"Anciens \u00e9l\u00e8ves - College\",\"isPartOf\":{\"@id\":\"https:\\\/\\\/www.slsb.fr\\\/college\\\/#website\"},\"primaryImageOfPage\":{\"@id\":\"https:\\\/\\\/www.slsb.fr\\\/college\\\/anciens-eleves\\\/#primaryimage\"},\"image\":{\"@id\":\"https:\\\/\\\/www.slsb.fr\\\/college\\\/anciens-eleves\\\/#primaryimage\"},\"thumbnailUrl\":\"https:\\\/\\\/www.slsb.fr\\\/college\\\/wp-content\\\/uploads\\\/sites\\\/3\\\/2024\\\/07\\\/studio-par-ici-photographie-1.webp\",\"datePublished\":\"2024-09-16T19:06:57+00:00\",\"dateModified\":\"2024-09-16T19:31:07+00:00\",\"breadcrumb\":{\"@id\":\"https:\\\/\\\/www.slsb.fr\\\/college\\\/anciens-eleves\\\/#breadcrumb\"},\"inLanguage\":\"fr-FR\",\"potentialAction\":[{\"@type\":\"ReadAction\",\"target\":[\"https:\\\/\\\/www.slsb.fr\\\/college\\\/anciens-eleves\\\/\"]}]},{\"@type\":\"ImageObject\",\"inLanguage\":\"fr-FR\",\"@id\":\"https:\\\/\\\/www.slsb.fr\\\/college\\\/anciens-eleves\\\/#primaryimage\",\"url\":\"https:\\\/\\\/www.slsb.fr\\\/college\\\/wp-content\\\/uploads\\\/sites\\\/3\\\/2024\\\/07\\\/studio-par-ici-photographie-1.webp\",\"contentUrl\":\"https:\\\/\\\/www.slsb.fr\\\/college\\\/wp-content\\\/uploads\\\/sites\\\/3\\\/2024\\\/07\\\/studio-par-ici-photographie-1.webp\",\"width\":1000,\"height\":1500},{\"@type\":\"BreadcrumbList\",\"@id\":\"https:\\\/\\\/www.slsb.fr\\\/college\\\/anciens-eleves\\\/#breadcrumb\",\"itemListElement\":[{\"@type\":\"ListItem\",\"position\":1,\"name\":\"Accueil\",\"item\":\"https:\\\/\\\/www.slsb.fr\\\/college\\\/\"},{\"@type\":\"ListItem\",\"position\":2,\"name\":\"Anciens \u00e9l\u00e8ves\"}]},{\"@type\":\"WebSite\",\"@id\":\"https:\\\/\\\/www.slsb.fr\\\/college\\\/#website\",\"url\":\"https:\\\/\\\/www.slsb.fr\\\/college\\\/\",\"name\":\"College\",\"description\":\"\",\"potentialAction\":[{\"@type\":\"SearchAction\",\"target\":{\"@type\":\"EntryPoint\",\"urlTemplate\":\"https:\\\/\\\/www.slsb.fr\\\/college\\\/?s={search_term_string}\"},\"query-input\":{\"@type\":\"PropertyValueSpecification\",\"valueRequired\":true,\"valueName\":\"search_term_string\"}}],\"inLanguage\":\"fr-FR\"}]}<\/script>\n<!-- \/ Yoast SEO plugin. -->","yoast_head_json":{"title":"Anciens \u00e9l\u00e8ves - College","robots":{"index":"index","follow":"follow","max-snippet":"max-snippet:-1","max-image-preview":"max-image-preview:large","max-video-preview":"max-video-preview:-1"},"canonical":"https:\/\/www.slsb.fr\/college\/anciens-eleves\/","og_locale":"fr_FR","og_type":"article","og_title":"Anciens \u00e9l\u00e8ves - College","og_description":"Nos anciens \u00e9l\u00e8ves ont du talent Pr\u00e9nom &#8211; NOM Poste Pr\u00e9nom &#8211; NOM Poste Pr\u00e9nom &#8211; NOM Poste Pr\u00e9nom &#8211; NOM Poste Pr\u00e9nom &#8211; NOM Poste Pr\u00e9nom &#8211; NOM Poste","og_url":"https:\/\/www.slsb.fr\/college\/anciens-eleves\/","og_site_name":"College","article_modified_time":"2024-09-16T19:31:07+00:00","og_image":[{"url":"https:\/\/www.slsb.fr\/college\/wp-content\/uploads\/sites\/3\/2024\/07\/studio-par-ici-photographie-1.webp","type":"","width":"","height":""}],"twitter_card":"summary_large_image","twitter_misc":{"Dur\u00e9e de lecture estim\u00e9e":"2 minutes"},"schema":{"@context":"https:\/\/schema.org","@graph":[{"@type":"WebPage","@id":"https:\/\/www.slsb.fr\/college\/anciens-eleves\/","url":"https:\/\/www.slsb.fr\/college\/anciens-eleves\/","name":"Anciens \u00e9l\u00e8ves - College","isPartOf":{"@id":"https:\/\/www.slsb.fr\/college\/#website"},"primaryImageOfPage":{"@id":"https:\/\/www.slsb.fr\/college\/anciens-eleves\/#primaryimage"},"image":{"@id":"https:\/\/www.slsb.fr\/college\/anciens-eleves\/#primaryimage"},"thumbnailUrl":"https:\/\/www.slsb.fr\/college\/wp-content\/uploads\/sites\/3\/2024\/07\/studio-par-ici-photographie-1.webp","datePublished":"2024-09-16T19:06:57+00:00","dateModified":"2024-09-16T19:31:07+00:00","breadcrumb":{"@id":"https:\/\/www.slsb.fr\/college\/anciens-eleves\/#breadcrumb"},"inLanguage":"fr-FR","potentialAction":[{"@type":"ReadAction","target":["https:\/\/www.slsb.fr\/college\/anciens-eleves\/"]}]},{"@type":"ImageObject","inLanguage":"fr-FR","@id":"https:\/\/www.slsb.fr\/college\/anciens-eleves\/#primaryimage","url":"https:\/\/www.slsb.fr\/college\/wp-content\/uploads\/sites\/3\/2024\/07\/studio-par-ici-photographie-1.webp","contentUrl":"https:\/\/www.slsb.fr\/college\/wp-content\/uploads\/sites\/3\/2024\/07\/studio-par-ici-photographie-1.webp","width":1000,"height":1500},{"@type":"BreadcrumbList","@id":"https:\/\/www.slsb.fr\/college\/anciens-eleves\/#breadcrumb","itemListElement":[{"@type":"ListItem","position":1,"name":"Accueil","item":"https:\/\/www.slsb.fr\/college\/"},{"@type":"ListItem","position":2,"name":"Anciens \u00e9l\u00e8ves"}]},{"@type":"WebSite","@id":"https:\/\/www.slsb.fr\/college\/#website","url":"https:\/\/www.slsb.fr\/college\/","name":"College","description":"","potentialAction":[{"@type":"SearchAction","target":{"@type":"EntryPoint","urlTemplate":"https:\/\/www.slsb.fr\/college\/?s={search_term_string}"},"query-input":{"@type":"PropertyValueSpecification","valueRequired":true,"valueName":"search_term_string"}}],"inLanguage":"fr-FR"}]}},"_links":{"self":[{"href":"https:\/\/www.slsb.fr\/college\/wp-json\/wp\/v2\/pages\/8244","targetHints":{"allow":["GET"]}}],"collection":[{"href":"https:\/\/www.slsb.fr\/college\/wp-json\/wp\/v2\/pages"}],"about":[{"href":"https:\/\/www.slsb.fr\/college\/wp-json\/wp\/v2\/types\/page"}],"author":[{"embeddable":true,"href":"https:\/\/www.slsb.fr\/college\/wp-json\/wp\/v2\/users\/2"}],"replies":[{"embeddable":true,"href":"https:\/\/www.slsb.fr\/college\/wp-json\/wp\/v2\/comments?post=8244"}],"version-history":[{"count":4,"href":"https:\/\/www.slsb.fr\/college\/wp-json\/wp\/v2\/pages\/8244\/revisions"}],"predecessor-version":[{"id":8248,"href":"https:\/\/www.slsb.fr\/college\/wp-json\/wp\/v2\/pages\/8244\/revisions\/8248"}],"wp:attachment":[{"href":"https:\/\/www.slsb.fr\/college\/wp-json\/wp\/v2\/media?parent=8244"}],"curies":[{"name":"wp","href":"https:\/\/api.w.org\/{rel}","templated":true}]}}