{"id":7127,"date":"2024-08-30T11:18:42","date_gmt":"2024-08-30T09:18:42","guid":{"rendered":"https:\/\/www.slsb.fr\/college\/?page_id=7127"},"modified":"2024-09-18T11:37:00","modified_gmt":"2024-09-18T09:37:00","slug":"reglement-interieur","status":"publish","type":"page","link":"https:\/\/www.slsb.fr\/college\/reglement-interieur\/","title":{"rendered":"R\u00e8glement int\u00e9rieur"},"content":{"rendered":"\t\t<div data-elementor-type=\"wp-page\" data-elementor-id=\"7127\" class=\"elementor elementor-7127\" data-elementor-post-type=\"page\">\n\t\t\t\t<div class=\"elementor-element elementor-element-61e63f8 e-flex e-con-boxed e-con e-parent\" data-id=\"61e63f8\" data-element_type=\"container\" data-e-type=\"container\" data-settings=\"{&quot;background_background&quot;:&quot;classic&quot;}\">\n\t\t\t\t\t<div class=\"e-con-inner\">\n\t\t\t\t<div class=\"elementor-element elementor-element-1249172 elementor-widget elementor-widget-heading\" data-id=\"1249172\" data-element_type=\"widget\" data-e-type=\"widget\" data-widget_type=\"heading.default\">\n\t\t\t\t<div class=\"elementor-widget-container\">\n\t\t\t\t\t<h2 class=\"elementor-heading-title elementor-size-default\">R\u00e8glement int\u00e9rieur<\/h2>\t\t\t\t<\/div>\n\t\t\t\t<\/div>\n\t\t\t\t<div class=\"elementor-element elementor-element-980bd3d elementor-widget elementor-widget-heading\" data-id=\"980bd3d\" data-element_type=\"widget\" data-e-type=\"widget\" data-widget_type=\"heading.default\">\n\t\t\t\t<div class=\"elementor-widget-container\">\n\t\t\t\t\t<h2 class=\"elementor-heading-title elementor-size-default\">Document mis \u00e0 jour chaque ann\u00e9e<\/h2>\t\t\t\t<\/div>\n\t\t\t\t<\/div>\n\t\t\t\t\t<\/div>\n\t\t\t\t<\/div>\n\t\t<div class=\"elementor-element elementor-element-1436b5af e-flex e-con-boxed e-con e-parent\" data-id=\"1436b5af\" data-element_type=\"container\" data-e-type=\"container\">\n\t\t\t\t\t<div class=\"e-con-inner\">\n\t\t<div class=\"elementor-element elementor-element-378bbeb6 e-con-full e-flex e-con e-child\" data-id=\"378bbeb6\" data-element_type=\"container\" data-e-type=\"container\">\n\t\t\t\t<div class=\"elementor-element elementor-element-6475d44c elementor-widget elementor-widget-heading\" data-id=\"6475d44c\" data-element_type=\"widget\" data-e-type=\"widget\" data-widget_type=\"heading.default\">\n\t\t\t\t<div class=\"elementor-widget-container\">\n\t\t\t\t\t<h2 class=\"elementor-heading-title elementor-size-default\">Ann\u00e9e scolaire 2024-2025<\/h2>\t\t\t\t<\/div>\n\t\t\t\t<\/div>\n\t\t\t\t<div class=\"elementor-element elementor-element-c86fe34 elementor-widget elementor-widget-text-editor\" data-id=\"c86fe34\" data-element_type=\"widget\" data-e-type=\"widget\" data-widget_type=\"text-editor.default\">\n\t\t\t\t<div class=\"elementor-widget-container\">\n\t\t\t\t\t\t\t\t\t<p><span style=\"font-weight: 400;\">Ce document \u00e9crit a pour but d\u2019informer les familles du r\u00e8glement qui r\u00e9git la vie des \u00e9l\u00e8ves au coll\u00e8ge.<\/span><\/p><p><span style=\"font-weight: 400;\">Nous estimons qu\u2019avant d\u2019inscrire d\u00e9finitivement son enfant, la famille doit conna\u00eetre les dispositions indiqu\u00e9es afin de faire un choix en connaissance de cause. Apr\u00e8s lecture de ce document, l\u2019\u00e9l\u00e8ve et ses responsables l\u00e9gaux s\u2019engagent par leur signature \u00e0 respecter le r\u00e8glement int\u00e9rieur et, par voie de cons\u00e9quence, le caract\u00e8re propre de l\u2019\u00e9tablissement.<\/span><\/p><p><span style=\"font-weight: 400;\">Nous invitons donc chacun \u00e0 une r\u00e9elle prise de conscience des droits et devoirs qu\u2019implique toute vie en communaut\u00e9. La relation adultes-jeunes doit \u00eatre respectueuse sans \u00eatre \u00e9galitaire, car elle reste une relation d\u2019\u00e9ducation.<\/span><\/p><p><span style=\"font-weight: 400;\">Cette \u00e9ducation, nous la voulons \u00e0 l\u2019image de la volont\u00e9 p\u00e9dagogique des Fr\u00e8res du Sacr\u00e9-C\u0153ur (Fondateurs de l\u2019\u00e9tablissement) et des Sal\u00e9siens de Don Bosco (Tutelle), c\u2019est-\u00e0-dire, une \u00e9ducation qui vise <\/span><b><i>la formation int\u00e9grale<\/i><\/b><span style=\"font-weight: 400;\"> de la personne humaine.<\/span><\/p>\t\t\t\t\t\t\t\t<\/div>\n\t\t\t\t<\/div>\n\t\t\t\t<div class=\"elementor-element elementor-element-76a7618 elementor-widget elementor-widget-text-editor\" data-id=\"76a7618\" data-element_type=\"widget\" data-e-type=\"widget\" data-widget_type=\"text-editor.default\">\n\t\t\t\t<div class=\"elementor-widget-container\">\n\t\t\t\t\t\t\t\t\t<p><b>1 &#8211; Respect du carnet de liaison<\/b> <b>:<\/b><\/p><p><span style=\"font-weight: 400;\">C\u2019est un document important et indispensable. Il doit rester impeccable. En cas de perte ou de d\u00e9t\u00e9rioration, l\u2019\u00e9l\u00e8ve devra s\u2019en procurer un nouveau. Une photographie doit \u00eatre coll\u00e9e \u00e0 la place pr\u00e9vue d\u00e8s le 4\/09\/2024.<\/span><\/p><p><span style=\"font-weight: 400;\">S\u2019il n\u2019a pas son carnet de liaison, l\u2019\u00e9l\u00e8ve ne pourra pas quitter le coll\u00e8ge avant 16h40.<\/span><\/p><p><b>2 &#8211; Respect des horaires :<\/b><\/p><p><span style=\"font-weight: 400;\">La semaine est organis\u00e9e sur 5 jours.<\/span><\/p><ul><li><span style=\"font-weight: 400;\">Lundi, mardi, jeudi, vendredi : de 7h55 \u00e0 16h40<\/span><\/li><li><span style=\"font-weight: 400;\">Mercredi : de 7h55 \u00e0 11h55 \/ 12h50.<br \/><\/span><\/li><\/ul><p><span style=\"font-weight: 400;\"><br \/>Le non-respect des horaires perturbe gravement la vie collective. Tout retard sera enregistr\u00e9 par le responsable de niveau qui pourra \u00eatre amen\u00e9 \u00e0 prendre une sanction.<\/span><\/p><p><span style=\"font-weight: 400;\">Lorsqu\u2019ils ne sont pas en cours, les \u00e9l\u00e8ves sont pris en charge en \u00e9tude par un responsable de niveau ou un surveillant.<\/span><\/p><p><span style=\"font-weight: 400;\">Les \u00e9l\u00e8ves ne peuvent pas sortir du coll\u00e8ge entre 7h55 et 16h40 les lundis, mardis, jeudis, vendredis, entre 7h55 et 12h50 les mercredis, sans autorisation \u00e9crite des parents vis\u00e9e par le responsable de niveau. Les pr\u00e9sences sont contr\u00f4l\u00e9es. Si une absence non justifi\u00e9e est remarqu\u00e9e au cours de la 1<\/span><span style=\"font-weight: 400;\">\u00e8re<\/span><span style=\"font-weight: 400;\"> heure, les parents sont pr\u00e9venus dans la demi-journ\u00e9e.<\/span><\/p>\t\t\t\t\t\t\t\t<\/div>\n\t\t\t\t<\/div>\n\t\t\t\t<div class=\"elementor-element elementor-element-bca5e94 elementor-widget elementor-widget-text-editor\" data-id=\"bca5e94\" data-element_type=\"widget\" data-e-type=\"widget\" data-widget_type=\"text-editor.default\">\n\t\t\t\t<div class=\"elementor-widget-container\">\n\t\t\t\t\t\t\t\t\t<p><b>3 \u2013 Respect des droits des \u00e9l\u00e8ves<\/b><b> :<\/b><\/p><p><span style=\"font-weight: 400;\">Tout \u00e9l\u00e8ve a droit au <\/span><i><span style=\"font-weight: 400;\">respect<\/span><\/i><span style=\"font-weight: 400;\"> de son int\u00e9grit\u00e9 physique et de sa libert\u00e9 de conscience.<\/span><\/p><p><span style=\"font-weight: 400;\">Tout \u00e9l\u00e8ve a droit au <\/span><i><span style=\"font-weight: 400;\">respect<\/span><\/i> <span style=\"font-weight: 400;\">de son travail et de ses biens.<\/span><\/p><p><span style=\"font-weight: 400;\">Tout \u00e9l\u00e8ve dispose de la libert\u00e9 d\u2019exprimer son opinion \u00e0 l\u2019int\u00e9rieur de l\u2019\u00e9tablissement, dans un esprit de tol\u00e9rance et de <\/span><i><span style=\"font-weight: 400;\">respect<\/span><\/i> <span style=\"font-weight: 400;\">d\u2019autrui.<\/span><\/p><p><span style=\"font-weight: 400;\">Les \u00e9l\u00e8ves ont un droit de repr\u00e9sentation par des d\u00e9l\u00e9gu\u00e9s \u00e9lus dans chaque classe.<\/span><\/p><p><span style=\"font-weight: 400;\">Chaque \u00e9l\u00e8ve a le droit d\u2019\u00eatre inform\u00e9 des exigences et des crit\u00e8res d\u2019\u00e9valuation des enseignants.<\/span><\/p><p><span style=\"font-weight: 400;\">Aucun \u00e9l\u00e8ve ne doit subir de faits de harc\u00e8lement. Le droit de poursuivre une scolarit\u00e9 sans harc\u00e8lement constitue une composante du droit \u00e0 l\u2019\u00e9ducation.<\/span><\/p><p><span style=\"font-weight: 400;\">Le harc\u00e8lement scolaire se caract\u00e9rise par des propos et\/ou comportements, commis dans l\u2019\u00e9tablissement ou en marge de la vie scolaire, ayant pour objet ou pour effet de porter atteinte \u00e0 la dignit\u00e9, d&rsquo;alt\u00e9rer la sant\u00e9 physique ou mentale ou de d\u00e9grader les conditions d&rsquo;apprentissage. Le harc\u00e8lement scolaire est constitutif d\u2019un d\u00e9lit et peut donner lieu \u00e0 l\u2019engagement de poursuites p\u00e9nales. Lorsque le harc\u00e8lement se d\u00e9roule en ligne, cela est consid\u00e9r\u00e9 comme une circonstance aggravante.<\/span><\/p><p><span style=\"font-weight: 400;\">Pr\u00e9venir et lutter contre le harc\u00e8lement est un devoir qui s&rsquo;impose \u00e0 tous les membres de la communaut\u00e9 \u00e9ducative.<\/span><\/p><p><span style=\"font-weight: 400;\">Dans cet objectif, le coll\u00e8ge a mis en \u0153uvre les moyens suivants :<\/span><\/p><ul><li><span style=\"font-weight: 400;\">Actions de sensibilisation \u00e0 destination de l\u2019ensemble des adultes.\u00a0<\/span><\/li><li><span style=\"font-weight: 400;\">D\u00e9signation d\u2019une personne r\u00e9f\u00e9rente, l\u2019infirmi\u00e8re.<\/span><\/li><li><span style=\"font-weight: 400;\">D\u00e9ploiement de campagnes d\u2019affichages.<\/span><\/li><li><span style=\"font-weight: 400;\">Intervention du SCJE ou des services de police.<\/span><\/li><\/ul><p><span style=\"font-weight: 400;\">En outre, chaque ann\u00e9e, le coll\u00e8ge d\u00e9livre une information \u00e0 destination des \u00e9l\u00e8ves pour pr\u00e9venir le harc\u00e8lement et le cyberharc\u00e8lement.<\/span><\/p><p><span style=\"font-weight: 400;\">Dans le cas o\u00f9 un \u00e9l\u00e8ve s\u2019estimerait victime de tels faits, dans et en dehors de l\u2019\u00e9tablissement, plusieurs dispositifs de signalement ont \u00e9t\u00e9 mis en place :<\/span><\/p><ul><li><span style=\"font-weight: 400;\">Bo\u00eete aux lettres accessible devant les bureaux des responsables de niveau.<\/span><\/li><li><span style=\"font-weight: 400;\">Sollicitation de l\u2019adulte r\u00e9f\u00e9rent : l\u2019infirmi\u00e8re.<\/span><\/li><li><span style=\"font-weight: 400;\">Sollicitation du responsable de niveau ou du professeur principal notamment.<\/span><\/li><\/ul><p><span style=\"font-weight: 400;\"><br \/>Une fois l\u2019alerte port\u00e9e \u00e0 la connaissance de la cheffe d\u2019\u00e9tablissement ou son adjointe, celles-ci peuvent d\u00e9cider, en fonction des faits constat\u00e9s et de leur gravit\u00e9, de mettre en \u0153uvre les mesures suivantes :<\/span><\/p><ul><li><span style=\"font-weight: 400;\">Rencontre de l\u2019\u00e9l\u00e8ve victime en pr\u00e9sence de ses repr\u00e9sentants l\u00e9gaux.<\/span><\/li><li><span style=\"font-weight: 400;\">Rencontre du\/des auteurs en pr\u00e9sence du\/des repr\u00e9sentants l\u00e9gaux.<\/span><\/li><li><span style=\"font-weight: 400;\">Rencontre des membres du personnel et \u00e9changes quant aux \u00e9ventuels signaux per\u00e7us.<\/span><\/li><li><span style=\"font-weight: 400;\">Adoption de mesures internes.<\/span><\/li><li><span style=\"font-weight: 400;\">Adoption de sanctions disciplinaires.<\/span><\/li><li><span style=\"font-weight: 400;\">Signalement des faits au Procureur de la R\u00e9publique.<\/span><\/li><\/ul>\t\t\t\t\t\t\t\t<\/div>\n\t\t\t\t<\/div>\n\t\t\t\t<div class=\"elementor-element elementor-element-496fe20 elementor-widget elementor-widget-text-editor\" data-id=\"496fe20\" data-element_type=\"widget\" data-e-type=\"widget\" data-widget_type=\"text-editor.default\">\n\t\t\t\t<div class=\"elementor-widget-container\">\n\t\t\t\t\t\t\t\t\t<p><b>4 \u2013 Respect d\u2019une exigence de travail<\/b><b> :<\/b><\/p><p><span style=\"font-weight: 400;\">\u00ab Les enseignements sont la\u00efques. Afin de garantir aux \u00e9l\u00e8ves l\u2019ouverture la plus objective possible \u00e0 la diversit\u00e9 des visions du monde ainsi qu\u2019\u00e0 l\u2019\u00e9tendue et \u00e0 la pr\u00e9cision des savoirs, aucun sujet n\u2019est a priori exclu du questionnement scientifique et p\u00e9dagogique. Aucun \u00e9l\u00e8ve ne peut invoquer une conviction religieuse ou politique pour contester \u00e0 un enseignant le droit de traiter une question au programme. \u00bb <\/span><i><span style=\"font-weight: 400;\">Art 12 charte de la la\u00efcit\u00e9<\/span><\/i><span style=\"font-weight: 400;\">\u00a0<\/span><\/p><p><span style=\"font-weight: 400;\">En cas de manquement dans le comportement, l\u2019\u00e9l\u00e8ve reste au coll\u00e8ge jusqu\u2019\u00e0 16h40 quel que soit son emploi du temps (EDT). Le responsable de niveau pr\u00e9vient la famille et le r\u00e9f\u00e9rent sportif le cas \u00e9ch\u00e9ant.<\/span><\/p><p><span style=\"font-weight: 400;\">En cas de travail non fait ou non pr\u00e9sent\u00e9, l\u2019\u00e9l\u00e8ve reste au coll\u00e8ge jusqu\u2019\u00e0 16h40 quel que soit son emploi du temps. Le professeur pr\u00e9vient la famille et le r\u00e9f\u00e9rent sportif le cas \u00e9ch\u00e9ant.<\/span><\/p><p><b>5 \u2013 Respect de la Charte informatique du coll\u00e8ge sign\u00e9e au moment de l\u2019inscription ou r\u00e9inscription.<\/b><\/p><p><b>6 \u2013 Respect d\u2019un bien commun<\/b><b> :<\/b><\/p><p><span style=\"font-weight: 400;\">La propri\u00e9t\u00e9 et les locaux sont quotidiennement entretenus pour la qualit\u00e9 du cadre de vie et pour le confort d\u2019apprentissage des \u00e9l\u00e8ves.<\/span><\/p><p><span style=\"font-weight: 400;\">Ce bien commun appartient \u00e0 tous et doit \u00eatre <\/span><i><span style=\"font-weight: 400;\">respect\u00e9<\/span><\/i><span style=\"font-weight: 400;\"> par tous.<\/span><\/p><p><span style=\"font-weight: 400;\">En cas de d\u00e9gradation, l\u2019\u00e9l\u00e8ve fautif sera sanctionn\u00e9 et la responsabilit\u00e9 financi\u00e8re de ses parents sera engag\u00e9e.<\/span><\/p>\t\t\t\t\t\t\t\t<\/div>\n\t\t\t\t<\/div>\n\t\t\t\t<div class=\"elementor-element elementor-element-bb00c7e elementor-widget elementor-widget-text-editor\" data-id=\"bb00c7e\" data-element_type=\"widget\" data-e-type=\"widget\" data-widget_type=\"text-editor.default\">\n\t\t\t\t<div class=\"elementor-widget-container\">\n\t\t\t\t\t\t\t\t\t<p><b>7 \u2013 Respect d\u2019un comportement<\/b><b> :<\/b><\/p><p><span style=\"font-weight: 400;\">Toute forme de violence verbale, physique ou tout manquement du droit \u00e0 l\u2019image envers un autre \u00e9l\u00e8ve ou un membre du personnel de l\u2019\u00e9quipe \u00e9ducative constitue une faute grave qui peut entra\u00eener des sanctions allant jusqu\u2019\u00e0 la convocation d\u2019un conseil de discipline.<\/span><\/p><p><span style=\"font-weight: 400;\">Au-del\u00e0 des r\u00e8gles de vie collective qui r\u00e9gissent chaque lieu, pour permettre le \u00ab vivre-ensemble \u00bb, l\u2019\u00e9quipe \u00e9ducative du coll\u00e8ge sera particuli\u00e8rement vigilante sur la tenue vestimentaire.<\/span><\/p><p><span style=\"font-weight: 400;\">Le coll\u00e8ge est avant tout un lieu de travail : les responsables de niveau se r\u00e9servent le droit d\u2019intervenir lorsqu\u2019un \u00e9l\u00e8ve porte une tenue jug\u00e9e incorrecte ou inadapt\u00e9e.<\/span><\/p><p><span style=\"font-weight: 400;\">L\u2019\u00e9l\u00e8ve doit \u00eatre t\u00eate nue \u00e0 l\u2019int\u00e9rieur de l\u2019\u00e9tablissement. Le port de tenues par lesquelles les \u00e9l\u00e8ves manifestent ostensiblement une appartenance religieuse est interdit.<\/span><\/p><p><span style=\"font-weight: 400;\">Afin de ne pas perturber le travail des \u00e9l\u00e8ves et d\u2019\u00e9viter les vols, les t\u00e9l\u00e9phones portables, les casques et \u00e9couteurs sont strictement interdits dans l\u2019\u00e9tablissement. Si malgr\u00e9 cette interdiction un \u00e9l\u00e8ve en apporte et l\u2019utilise, il sera confisqu\u00e9.<\/span><\/p><p><span style=\"font-weight: 400;\">Les trottinettes et skates ne doivent en aucun cas \u00eatre utilis\u00e9s \u00e0 l\u2019int\u00e9rieur du coll\u00e8ge, un parking est pr\u00e9vu \u00e0 cet effet. (Pr\u00e9voir un cadenas)<\/span><\/p><p><span style=\"font-weight: 400;\">En cas de vol l\u2019\u00e9tablissement ne peut \u00eatre tenu pour responsable.<\/span><\/p><p><span style=\"font-weight: 400;\">Il est formellement interdit de fumer ou vapoter \u00e0 l\u2019int\u00e9rieur et aux abords de l\u2019\u00e9tablissement.<\/span><\/p><p><span style=\"font-weight: 400;\">Il est formellement interdit d\u2019introduire dans l\u2019\u00e9tablissement des substances ou objets qui n\u2019ont pas d\u2019utilit\u00e9 dans un coll\u00e8ge.<\/span><\/p><p><span style=\"font-weight: 400;\">Tout manquement pourra \u00eatre sanctionn\u00e9.<\/span><\/p><ul><li><span style=\"font-weight: 400;\">\u00a0<\/span><b>Les sanctions<\/b><\/li><\/ul><p><span style=\"font-weight: 400;\">Elles ont pour finalit\u00e9 de promouvoir une attitude responsable de l\u2019\u00e9l\u00e8ve et de le mettre en situation de s\u2019interroger sur sa conduite en prenant conscience de ses actes. Un \u00e9l\u00e8ve peut \u00eatre consign\u00e9 en \u00e9tude, faire des travaux d\u2019int\u00e9r\u00eat g\u00e9n\u00e9ral, ou \u00eatre exclu temporairement. Le responsable de niveau en accord avec la direction d\u00e9cide de la sanction, de sa date et de sa dur\u00e9e. Celle-ci ne peut \u00eatre remise en cause.<\/span><\/p><ul><li><b>Le conseil de discipline<\/b><\/li><\/ul><p><span style=\"font-weight: 400;\">Si malgr\u00e9 ces sanctions, l\u2019\u00e9l\u00e8ve ne modifie pas son comportement, la cheffe d\u2019\u00e9tablissement (ou son adjointe) du coll\u00e8ge se donne le droit de r\u00e9unir un conseil de discipline. Ce conseil est pr\u00e9sid\u00e9 par la cheffe d\u2019\u00e9tablissement (ou son adjointe). L\u2019enfant et ses parents sont convoqu\u00e9s par lettre recommand\u00e9e avec accus\u00e9 de r\u00e9ception. L\u2019\u00e9l\u00e8ve peut \u00eatre assist\u00e9 par la personne de son choix appartenant aux membres de l\u2019\u00e9quipe \u00e9ducative du coll\u00e8ge.<\/span><\/p><p><span style=\"font-weight: 400;\">La cheffe d\u2019\u00e9tablissement (ou son adjointe) peut prendre une mesure conservatoire \u00e0 l\u2019\u00e9gard d\u2019un \u00e9l\u00e8ve dans l\u2019attente de la r\u00e9union du conseil de discipline notamment en lui interdisant l\u2019acc\u00e8s \u00e0 l\u2019\u00e9tablissement.<\/span><\/p>\t\t\t\t\t\t\t\t<\/div>\n\t\t\t\t<\/div>\n\t\t\t\t<div class=\"elementor-element elementor-element-1b67bbe elementor-widget elementor-widget-text-editor\" data-id=\"1b67bbe\" data-element_type=\"widget\" data-e-type=\"widget\" data-widget_type=\"text-editor.default\">\n\t\t\t\t<div class=\"elementor-widget-container\">\n\t\t\t\t\t\t\t\t\t<p><b>8 \u2013 Le respect d\u2019un engagement financier<\/b><b> :<\/b><\/p><p><span style=\"font-weight: 400;\">Un acompte est demand\u00e9 \u00e0 l\u2019inscription et ne sera pas rembours\u00e9 en cas de d\u00e9sistement.<\/span><\/p><p><span style=\"font-weight: 400;\">Les familles s\u2019engagent \u00e0 verser \u00e0 l\u2019OGEC Saint-Louis\/Saint-Bruno les frais de scolarit\u00e9, de pension et de demi-pension selon l\u2019annexe financi\u00e8re.<\/span><\/p><p><span style=\"font-weight: 400;\">En cas de non-paiement, le dossier financier sera transmis \u00e0 un service de contentieux et la famille se verra refuser la r\u00e9inscription de son enfant.<\/span><\/p><p><b>Le respect de ce r\u00e8glement conditionne le maintien de votre enfant dans l\u2019\u00e9tablissement<\/b><\/p>\t\t\t\t\t\t\t\t<\/div>\n\t\t\t\t<\/div>\n\t\t\t\t<\/div>\n\t\t\t\t\t<\/div>\n\t\t\t\t<\/div>\n\t\t\t\t<\/div>\n\t\t","protected":false},"excerpt":{"rendered":"<p>R\u00e8glement int\u00e9rieur Document mis \u00e0 jour chaque ann\u00e9e Ann\u00e9e scolaire 2024-2025 Ce document \u00e9crit a pour but d\u2019informer les familles du r\u00e8glement qui r\u00e9git la vie des \u00e9l\u00e8ves au coll\u00e8ge. Nous estimons qu\u2019avant d\u2019inscrire d\u00e9finitivement son enfant, la famille doit conna\u00eetre les dispositions indiqu\u00e9es afin de faire un choix en connaissance de cause. Apr\u00e8s lecture [&hellip;]<\/p>\n","protected":false},"author":2,"featured_media":0,"parent":0,"menu_order":0,"comment_status":"closed","ping_status":"closed","template":"","meta":{"footnotes":""},"class_list":["post-7127","page","type-page","status-publish","hentry"],"yoast_head":"<!-- This site is optimized with the Yoast SEO plugin v27.5 - https:\/\/yoast.com\/product\/yoast-seo-wordpress\/ -->\n<title>R\u00e8glement int\u00e9rieur - Coll\u00e8ge Saint Louis Saint Bruno<\/title>\n<meta name=\"description\" content=\"Ce r\u00e8glement int\u00e9rieur \u00e9crit a pour but d\u2019informer les familles du r\u00e8glement qui r\u00e9git la vie des \u00e9l\u00e8ves au coll\u00e8ge.\" \/>\n<meta name=\"robots\" content=\"index, follow, max-snippet:-1, max-image-preview:large, max-video-preview:-1\" \/>\n<link rel=\"canonical\" href=\"https:\/\/www.slsb.fr\/college\/reglement-interieur\/\" \/>\n<meta property=\"og:locale\" content=\"fr_FR\" \/>\n<meta property=\"og:type\" content=\"article\" \/>\n<meta property=\"og:title\" content=\"R\u00e8glement int\u00e9rieur - Coll\u00e8ge Saint Louis Saint Bruno\" \/>\n<meta property=\"og:description\" content=\"Ce r\u00e8glement int\u00e9rieur \u00e9crit a pour but d\u2019informer les familles du r\u00e8glement qui r\u00e9git la vie des \u00e9l\u00e8ves au coll\u00e8ge.\" \/>\n<meta property=\"og:url\" content=\"https:\/\/www.slsb.fr\/college\/reglement-interieur\/\" \/>\n<meta property=\"og:site_name\" content=\"College\" \/>\n<meta property=\"article:modified_time\" content=\"2024-09-18T09:37:00+00:00\" \/>\n<meta name=\"twitter:card\" content=\"summary_large_image\" \/>\n<meta name=\"twitter:label1\" content=\"Dur\u00e9e de lecture estim\u00e9e\" \/>\n\t<meta name=\"twitter:data1\" content=\"8 minutes\" \/>\n<script type=\"application\/ld+json\" class=\"yoast-schema-graph\">{\"@context\":\"https:\\\/\\\/schema.org\",\"@graph\":[{\"@type\":\"WebPage\",\"@id\":\"https:\\\/\\\/www.slsb.fr\\\/college\\\/reglement-interieur\\\/\",\"url\":\"https:\\\/\\\/www.slsb.fr\\\/college\\\/reglement-interieur\\\/\",\"name\":\"R\u00e8glement int\u00e9rieur - Coll\u00e8ge Saint Louis Saint Bruno\",\"isPartOf\":{\"@id\":\"https:\\\/\\\/www.slsb.fr\\\/college\\\/#website\"},\"datePublished\":\"2024-08-30T09:18:42+00:00\",\"dateModified\":\"2024-09-18T09:37:00+00:00\",\"description\":\"Ce r\u00e8glement int\u00e9rieur \u00e9crit a pour but d\u2019informer les familles du r\u00e8glement qui r\u00e9git la vie des \u00e9l\u00e8ves au coll\u00e8ge.\",\"breadcrumb\":{\"@id\":\"https:\\\/\\\/www.slsb.fr\\\/college\\\/reglement-interieur\\\/#breadcrumb\"},\"inLanguage\":\"fr-FR\",\"potentialAction\":[{\"@type\":\"ReadAction\",\"target\":[\"https:\\\/\\\/www.slsb.fr\\\/college\\\/reglement-interieur\\\/\"]}]},{\"@type\":\"BreadcrumbList\",\"@id\":\"https:\\\/\\\/www.slsb.fr\\\/college\\\/reglement-interieur\\\/#breadcrumb\",\"itemListElement\":[{\"@type\":\"ListItem\",\"position\":1,\"name\":\"Accueil\",\"item\":\"https:\\\/\\\/www.slsb.fr\\\/college\\\/\"},{\"@type\":\"ListItem\",\"position\":2,\"name\":\"R\u00e8glement int\u00e9rieur\"}]},{\"@type\":\"WebSite\",\"@id\":\"https:\\\/\\\/www.slsb.fr\\\/college\\\/#website\",\"url\":\"https:\\\/\\\/www.slsb.fr\\\/college\\\/\",\"name\":\"College\",\"description\":\"\",\"potentialAction\":[{\"@type\":\"SearchAction\",\"target\":{\"@type\":\"EntryPoint\",\"urlTemplate\":\"https:\\\/\\\/www.slsb.fr\\\/college\\\/?s={search_term_string}\"},\"query-input\":{\"@type\":\"PropertyValueSpecification\",\"valueRequired\":true,\"valueName\":\"search_term_string\"}}],\"inLanguage\":\"fr-FR\"}]}<\/script>\n<!-- \/ Yoast SEO plugin. -->","yoast_head_json":{"title":"R\u00e8glement int\u00e9rieur - Coll\u00e8ge Saint Louis Saint Bruno","description":"Ce r\u00e8glement int\u00e9rieur \u00e9crit a pour but d\u2019informer les familles du r\u00e8glement qui r\u00e9git la vie des \u00e9l\u00e8ves au coll\u00e8ge.","robots":{"index":"index","follow":"follow","max-snippet":"max-snippet:-1","max-image-preview":"max-image-preview:large","max-video-preview":"max-video-preview:-1"},"canonical":"https:\/\/www.slsb.fr\/college\/reglement-interieur\/","og_locale":"fr_FR","og_type":"article","og_title":"R\u00e8glement int\u00e9rieur - Coll\u00e8ge Saint Louis Saint Bruno","og_description":"Ce r\u00e8glement int\u00e9rieur \u00e9crit a pour but d\u2019informer les familles du r\u00e8glement qui r\u00e9git la vie des \u00e9l\u00e8ves au coll\u00e8ge.","og_url":"https:\/\/www.slsb.fr\/college\/reglement-interieur\/","og_site_name":"College","article_modified_time":"2024-09-18T09:37:00+00:00","twitter_card":"summary_large_image","twitter_misc":{"Dur\u00e9e de lecture estim\u00e9e":"8 minutes"},"schema":{"@context":"https:\/\/schema.org","@graph":[{"@type":"WebPage","@id":"https:\/\/www.slsb.fr\/college\/reglement-interieur\/","url":"https:\/\/www.slsb.fr\/college\/reglement-interieur\/","name":"R\u00e8glement int\u00e9rieur - Coll\u00e8ge Saint Louis Saint Bruno","isPartOf":{"@id":"https:\/\/www.slsb.fr\/college\/#website"},"datePublished":"2024-08-30T09:18:42+00:00","dateModified":"2024-09-18T09:37:00+00:00","description":"Ce r\u00e8glement int\u00e9rieur \u00e9crit a pour but d\u2019informer les familles du r\u00e8glement qui r\u00e9git la vie des \u00e9l\u00e8ves au coll\u00e8ge.","breadcrumb":{"@id":"https:\/\/www.slsb.fr\/college\/reglement-interieur\/#breadcrumb"},"inLanguage":"fr-FR","potentialAction":[{"@type":"ReadAction","target":["https:\/\/www.slsb.fr\/college\/reglement-interieur\/"]}]},{"@type":"BreadcrumbList","@id":"https:\/\/www.slsb.fr\/college\/reglement-interieur\/#breadcrumb","itemListElement":[{"@type":"ListItem","position":1,"name":"Accueil","item":"https:\/\/www.slsb.fr\/college\/"},{"@type":"ListItem","position":2,"name":"R\u00e8glement int\u00e9rieur"}]},{"@type":"WebSite","@id":"https:\/\/www.slsb.fr\/college\/#website","url":"https:\/\/www.slsb.fr\/college\/","name":"College","description":"","potentialAction":[{"@type":"SearchAction","target":{"@type":"EntryPoint","urlTemplate":"https:\/\/www.slsb.fr\/college\/?s={search_term_string}"},"query-input":{"@type":"PropertyValueSpecification","valueRequired":true,"valueName":"search_term_string"}}],"inLanguage":"fr-FR"}]}},"_links":{"self":[{"href":"https:\/\/www.slsb.fr\/college\/wp-json\/wp\/v2\/pages\/7127","targetHints":{"allow":["GET"]}}],"collection":[{"href":"https:\/\/www.slsb.fr\/college\/wp-json\/wp\/v2\/pages"}],"about":[{"href":"https:\/\/www.slsb.fr\/college\/wp-json\/wp\/v2\/types\/page"}],"author":[{"embeddable":true,"href":"https:\/\/www.slsb.fr\/college\/wp-json\/wp\/v2\/users\/2"}],"replies":[{"embeddable":true,"href":"https:\/\/www.slsb.fr\/college\/wp-json\/wp\/v2\/comments?post=7127"}],"version-history":[{"count":12,"href":"https:\/\/www.slsb.fr\/college\/wp-json\/wp\/v2\/pages\/7127\/revisions"}],"predecessor-version":[{"id":8655,"href":"https:\/\/www.slsb.fr\/college\/wp-json\/wp\/v2\/pages\/7127\/revisions\/8655"}],"wp:attachment":[{"href":"https:\/\/www.slsb.fr\/college\/wp-json\/wp\/v2\/media?parent=7127"}],"curies":[{"name":"wp","href":"https:\/\/api.w.org\/{rel}","templated":true}]}}